{"id":73,"date":"2014-01-02T10:44:26","date_gmt":"2014-01-02T10:44:26","guid":{"rendered":"http:\/\/jensuhlenhoff.de\/?page_id=73"},"modified":"2025-02-25T13:22:20","modified_gmt":"2025-02-25T13:22:20","slug":"weiterer-werdegang","status":"publish","type":"page","link":"http:\/\/jensuhlenhoff.de\/?page_id=73","title":{"rendered":"Weiterer Werdegang"},"content":{"rendered":"<ul>\n<li>2008: Kulturpreis der Stadt Emmendingen<\/li>\n<li>2009-2019: Musikalischer Leiter des evangelischen Posaunenchors Viernheim<\/li>\n<li>2010-2016: Musikalischer Leiter des jungen Chors Freestyle Biblis<\/li>\n<li>2011: Zweiter Platz beim Kompositionswettbewerb des badischen Chorverbands f\u00fcr das Kinder-Singspiel Zach\u00e4us<\/li>\n<li>2011: Masterclass-Workshop bei Stephen Schwartz (Godspell, Wicked, Disney\u2019s Pocahontas)<\/li>\n<li>2012-2018: Pianist bei der Improtheater-Gruppe Die Flummis aus Mannheim<\/li>\n<li>2014: Zweiter Platz beim Kompositionswettbewerb des Evangelischen Posaunendienstes zum Bundesposaunentag 2016 in Dresden<\/li>\n<li>2014-2019: Lehrbeauftragter f\u00fcr Musiktheorie, Geh\u00f6rbildung und Schulpraktisches Klavierspiel an der Hochschule f\u00fcr Musik und Darstellende Kunst Mannheim<\/li>\n<li>2015-2019: Lehrbeauftragter f\u00fcr Partiturspiel und Tonsatz an der Hochschule f\u00fcr Kirchenmusik Heidelberg<\/li>\n<li>2015-2019: Lehrkraft f\u00fcr Musiktheorie an der Musikschule Mannheim<\/li>\n<li>2017-2019: Gastdozent f\u00fcr Musiktheorie und dirigierpraktisches Klavierspiel an der Bundesakademie f\u00fcr musikalische Jugendbildung Trossingen im Lehrgang Leitung von Blasorchestern<\/li>\n<li>2018-2019: Lehrbeauftragter f\u00fcr Musiktheorie und Geh\u00f6rbildung an der Johannes Gutenberg Universit\u00e4t Mainz<\/li>\n<li>2018-2019: Lehrbeauftragter f\u00fcr Musiktheorie und Geh\u00f6rbildung an der Hochschule f\u00fcr Musik Detmold<\/li>\n<li>Seit 2019 LfbA an der Hochschule f\u00fcr Musik Detmold<\/li>\n<li>2022: Zweiter Platz beim Kompositionswettbewerb des Evangelischen Posaunendienstes zum Bundesposaunentag 2024 in Hamburg<\/li>\n<\/ul>\n\n\n<p><\/p>\n\n\n\n<p><\/p>\n","protected":false},"excerpt":{"rendered":"<p>2008: Kulturpreis der Stadt Emmendingen 2009-2019: Musikalischer Leiter des evangelischen Posaunenchors Viernheim 2010-2016: Musikalischer Leiter des jungen Chors Freestyle Biblis 2011: Zweiter Platz beim Kompositionswettbewerb des badischen Chorverbands f\u00fcr das Kinder-Singspiel Zach\u00e4us 2011: Masterclass-Workshop bei Stephen Schwartz (Godspell, Wicked, Disney\u2019s &hellip; <a href=\"http:\/\/jensuhlenhoff.de\/?page_id=73\">Weiterlesen <span class=\"meta-nav\">&rarr;<\/span><\/a><\/p>\n","protected":false},"author":1,"featured_media":0,"parent":58,"menu_order":3,"comment_status":"closed","ping_status":"closed","template":"","meta":{"footnotes":""},"class_list":["post-73","page","type-page","status-publish","hentry"],"_links":{"self":[{"href":"http:\/\/jensuhlenhoff.de\/index.php?rest_route=\/wp\/v2\/pages\/73","targetHints":{"allow":["GET"]}}],"collection":[{"href":"http:\/\/jensuhlenhoff.de\/index.php?rest_route=\/wp\/v2\/pages"}],"about":[{"href":"http:\/\/jensuhlenhoff.de\/index.php?rest_route=\/wp\/v2\/types\/page"}],"author":[{"embeddable":true,"href":"http:\/\/jensuhlenhoff.de\/index.php?rest_route=\/wp\/v2\/users\/1"}],"replies":[{"embeddable":true,"href":"http:\/\/jensuhlenhoff.de\/index.php?rest_route=%2Fwp%2Fv2%2Fcomments&post=73"}],"version-history":[{"count":10,"href":"http:\/\/jensuhlenhoff.de\/index.php?rest_route=\/wp\/v2\/pages\/73\/revisions"}],"predecessor-version":[{"id":350,"href":"http:\/\/jensuhlenhoff.de\/index.php?rest_route=\/wp\/v2\/pages\/73\/revisions\/350"}],"up":[{"embeddable":true,"href":"http:\/\/jensuhlenhoff.de\/index.php?rest_route=\/wp\/v2\/pages\/58"}],"wp:attachment":[{"href":"http:\/\/jensuhlenhoff.de\/index.php?rest_route=%2Fwp%2Fv2%2Fmedia&parent=73"}],"curies":[{"name":"wp","href":"https:\/\/api.w.org\/{rel}","templated":true}]}}