{"id":69,"date":"2014-01-02T10:45:11","date_gmt":"2014-01-02T10:45:11","guid":{"rendered":"http:\/\/jensuhlenhoff.de\/?page_id=69"},"modified":"2019-03-20T08:43:44","modified_gmt":"2019-03-20T08:43:44","slug":"im-studium","status":"publish","type":"page","link":"https:\/\/jensuhlenhoff.de\/?page_id=69","title":{"rendered":"Im Studium"},"content":{"rendered":"<ul>\n<li>2007-2008: Mathematik (Lehramt) an der Alberts-Ludwigs-Universit\u00e4t Freiburg<\/li>\n<li>Ab 2008: Mathematik (Lehramt) an der Ruprecht-Karls-Universit\u00e4t Heidelberg<\/li>\n<li>2008-2012: Schulmusik an der Hochschule f\u00fcr Musik und Darstellende Kunst Mannheim\n<ul>\n<li>Schlagzeug bei Marko Klotz (Jazz\/Pop) und Arthur Adler (Klassik)<\/li>\n<li>Gesang bei Prof. Anna Maria Dur<\/li>\n<li>Klavier bei Haruko Dan-Kumaga<\/li>\n<\/ul>\n<\/li>\n<li>2010-2014: Musiktheorie und Geh\u00f6rbildung (jeweils Bachelor) an der Hochschule f\u00fcr Musik und Darstellende Kunst Mannheim\n<ul>\n<li>Tonsatz bei Prof. Michael Polth<\/li>\n<li>Geh\u00f6rbildung bei Prof. Doris Geller<\/li>\n<\/ul>\n<\/li>\n<li>2012-2013: Jazz-Vibraphon an der Hochschule f\u00fcr Musik und Darstellende Kunst Mannheim (ohne Abschluss)\n<ul>\n<li>Jazz-Vibraphon bei Tom van der Geld und Claus Kie\u00dfelbach<\/li>\n<\/ul>\n<\/li>\n<li>2016-2018: Musiktheorie (Master) an der Johannes Gutenberg-Universit\u00e4t Mainz\n<ul>\n<li>Satzlehre bei Prof. Birger Petersen, Prof. Immanuel Ott und Prof. Oliver Korte<\/li>\n<\/ul>\n<\/li>\n<\/ul>\n","protected":false},"excerpt":{"rendered":"<p>2007-2008: Mathematik (Lehramt) an der Alberts-Ludwigs-Universit\u00e4t Freiburg Ab 2008: Mathematik (Lehramt) an der Ruprecht-Karls-Universit\u00e4t Heidelberg 2008-2012: Schulmusik an der Hochschule f\u00fcr Musik und Darstellende Kunst Mannheim Schlagzeug bei Marko Klotz (Jazz\/Pop) und Arthur Adler (Klassik) Gesang bei Prof. Anna Maria &hellip; <a href=\"https:\/\/jensuhlenhoff.de\/?page_id=69\">Weiterlesen <span class=\"meta-nav\">&rarr;<\/span><\/a><\/p>\n","protected":false},"author":1,"featured_media":0,"parent":58,"menu_order":2,"comment_status":"closed","ping_status":"closed","template":"","meta":{"footnotes":""},"class_list":["post-69","page","type-page","status-publish","hentry"],"_links":{"self":[{"href":"https:\/\/jensuhlenhoff.de\/index.php?rest_route=\/wp\/v2\/pages\/69","targetHints":{"allow":["GET"]}}],"collection":[{"href":"https:\/\/jensuhlenhoff.de\/index.php?rest_route=\/wp\/v2\/pages"}],"about":[{"href":"https:\/\/jensuhlenhoff.de\/index.php?rest_route=\/wp\/v2\/types\/page"}],"author":[{"embeddable":true,"href":"https:\/\/jensuhlenhoff.de\/index.php?rest_route=\/wp\/v2\/users\/1"}],"replies":[{"embeddable":true,"href":"https:\/\/jensuhlenhoff.de\/index.php?rest_route=%2Fwp%2Fv2%2Fcomments&post=69"}],"version-history":[{"count":5,"href":"https:\/\/jensuhlenhoff.de\/index.php?rest_route=\/wp\/v2\/pages\/69\/revisions"}],"predecessor-version":[{"id":259,"href":"https:\/\/jensuhlenhoff.de\/index.php?rest_route=\/wp\/v2\/pages\/69\/revisions\/259"}],"up":[{"embeddable":true,"href":"https:\/\/jensuhlenhoff.de\/index.php?rest_route=\/wp\/v2\/pages\/58"}],"wp:attachment":[{"href":"https:\/\/jensuhlenhoff.de\/index.php?rest_route=%2Fwp%2Fv2%2Fmedia&parent=69"}],"curies":[{"name":"wp","href":"https:\/\/api.w.org\/{rel}","templated":true}]}}